{"id":856,"date":"2024-04-13T17:48:23","date_gmt":"2024-04-13T20:48:23","guid":{"rendered":"https:\/\/reneff.com.br\/?page_id=856"},"modified":"2024-05-10T00:18:00","modified_gmt":"2024-05-10T03:18:00","slug":"estacao-de-tratamento","status":"publish","type":"page","link":"https:\/\/reneff.com.br\/?page_id=856","title":{"rendered":"Esta\u00e7\u00e3o de tratamento"},"content":{"rendered":"\t\t<div data-elementor-type=\"wp-page\" data-elementor-id=\"856\" class=\"elementor elementor-856\" data-elementor-post-type=\"page\">\n\t\t\t\t<div class=\"elementor-element elementor-element-cfd60b3 e-flex e-con-boxed e-con e-parent\" data-id=\"cfd60b3\" data-element_type=\"container\" data-e-type=\"container\" data-settings=\"{&quot;background_background&quot;:&quot;classic&quot;}\">\n\t\t\t\t\t<div class=\"e-con-inner\">\n\t\t\t\t<div class=\"elementor-element elementor-element-d4d214a elementor-view-default elementor-widget elementor-widget-icon\" data-id=\"d4d214a\" data-element_type=\"widget\" data-e-type=\"widget\" data-widget_type=\"icon.default\">\n\t\t\t\t<div class=\"elementor-widget-container\">\n\t\t\t\t\t\t\t<div class=\"elementor-icon-wrapper\">\n\t\t\t<div class=\"elementor-icon\">\n\t\t\t<svg aria-hidden=\"true\" class=\"e-font-icon-svg e-fas-leaf\" viewBox=\"0 0 576 512\" xmlns=\"http:\/\/www.w3.org\/2000\/svg\"><path d=\"M546.2 9.7c-5.6-12.5-21.6-13-28.3-1.2C486.9 62.4 431.4 96 368 96h-80C182 96 96 182 96 288c0 7 .8 13.7 1.5 20.5C161.3 262.8 253.4 224 384 224c8.8 0 16 7.2 16 16s-7.2 16-16 16C132.6 256 26 410.1 2.4 468c-6.6 16.3 1.2 34.9 17.5 41.6 16.4 6.8 35-1.1 41.8-17.3 1.5-3.6 20.9-47.9 71.9-90.6 32.4 43.9 94 85.8 174.9 77.2C465.5 467.5 576 326.7 576 154.3c0-50.2-10.8-102.2-29.8-144.6z\"><\/path><\/svg>\t\t\t<\/div>\n\t\t<\/div>\n\t\t\t\t\t\t<\/div>\n\t\t\t\t<\/div>\n\t\t\t\t<div class=\"elementor-element elementor-element-9c12ded elementor-widget elementor-widget-heading\" data-id=\"9c12ded\" data-element_type=\"widget\" data-e-type=\"widget\" data-widget_type=\"heading.default\">\n\t\t\t\t<div class=\"elementor-widget-container\">\n\t\t\t\t\t<h2 class=\"elementor-heading-title elementor-size-default\">Esta\u00e7\u00e3o de tratamento Reneff<\/h2>\t\t\t\t<\/div>\n\t\t\t\t<\/div>\n\t\t\t\t\t<\/div>\n\t\t\t\t<\/div>\n\t\t<div class=\"elementor-element elementor-element-f2131c6 e-flex e-con-boxed e-con e-parent\" data-id=\"f2131c6\" data-element_type=\"container\" data-e-type=\"container\">\n\t\t\t\t\t<div class=\"e-con-inner\">\n\t\t<div class=\"elementor-element elementor-element-3c97ec4 e-flex e-con-boxed e-con e-child\" data-id=\"3c97ec4\" data-element_type=\"container\" data-e-type=\"container\">\n\t\t\t\t\t<div class=\"e-con-inner\">\n\t\t\t\t<div class=\"elementor-element elementor-element-352f83a elementor-widget elementor-widget-text-editor\" data-id=\"352f83a\" data-element_type=\"widget\" data-e-type=\"widget\" data-widget_type=\"text-editor.default\">\n\t\t\t\t<div class=\"elementor-widget-container\">\n\t\t\t\t\t\t\t\t\t<p>Com 2.700m\u00b2, a Ind\u00fastria R\u00eaneff (segmento de ra\u00e7\u00e3o animal) est\u00e1 localizada na cidade de Arauc\u00e1ria (PR) e contou com um projeto elaborado pelo time de profissionais da Ideal Ambiental para a execu\u00e7\u00e3o de um sistema de tratamento de esgotos sanit\u00e1rios.<\/p><p>A regi\u00e3o do empreendimento Industria R\u00eaneff n\u00e3o \u00e9 atendida por RCE (rede coletora de esgoto). Diante das exig\u00eancias sanit\u00e1rias e ambientais, e a partir da an\u00e1lise das alternativas tecnol\u00f3gicas existentes para o tratamento de esgotos, optou-se por um m\u00e9todo reconhecidamente eficiente, natural e de melhor custo-benef\u00edcio para o tratamento dos esgotos sanit\u00e1rios.<\/p><p>Para este empreendimento, tem-se a necessidade de alta efici\u00eancia na remo\u00e7\u00e3o de mat\u00e9ria org\u00e2nica e nutrientes dos esgotos, tornando necess\u00e1rio o uso de alguma forma de processo de tratamento a n\u00edvel secund\u00e1rio.<\/p><p>O sistema proposto \u00e9 composto de tratamento prim\u00e1rio e secund\u00e1rio. O tratamento prim\u00e1rio \u00e9 do tipo anaer\u00f3bio, realizado por um reator compartimentado, denominado Baffled. J\u00e1 o tratamento secund\u00e1rio \u00e9 do tipo aer\u00f3bio, realizado por um Wetland Constru\u00eddo.<\/p><p>Tendo em vista a \u00f3tima efici\u00eancia de tratamento e as caracter\u00edsticas esperadas para o efluente tratado, a destina\u00e7\u00e3o final se d\u00e1 de duas formas: reserva\u00e7\u00e3o com a finalidade de reuso em limpeza de cal\u00e7adas e pisos, bem como rega de jardins e irriga\u00e7\u00e3o de \u00e1reas verdes e disposi\u00e7\u00e3o final por meio de infiltra\u00e7\u00e3o no solo para a vaz\u00e3o excedente ao reuso.<\/p>\t\t\t\t\t\t\t\t<\/div>\n\t\t\t\t<\/div>\n\t\t\t\t<div class=\"elementor-element elementor-element-f4095b6 elementor-widget elementor-widget-image\" data-id=\"f4095b6\" data-element_type=\"widget\" data-e-type=\"widget\" data-widget_type=\"image.default\">\n\t\t\t\t<div class=\"elementor-widget-container\">\n\t\t\t\t\t\t\t\t\t\t\t\t\t\t\t<img fetchpriority=\"high\" decoding=\"async\" width=\"800\" height=\"295\" src=\"https:\/\/reneff.com.br\/wp-content\/uploads\/2024\/04\/fluxograma-reator-baffled-1024x378.jpg\" class=\"attachment-large size-large wp-image-859\" alt=\"\" srcset=\"https:\/\/reneff.com.br\/wp-content\/uploads\/2024\/04\/fluxograma-reator-baffled-1024x378.jpg 1024w, https:\/\/reneff.com.br\/wp-content\/uploads\/2024\/04\/fluxograma-reator-baffled-300x111.jpg 300w, https:\/\/reneff.com.br\/wp-content\/uploads\/2024\/04\/fluxograma-reator-baffled-768x284.jpg 768w, https:\/\/reneff.com.br\/wp-content\/uploads\/2024\/04\/fluxograma-reator-baffled-600x222.jpg 600w, https:\/\/reneff.com.br\/wp-content\/uploads\/2024\/04\/fluxograma-reator-baffled.jpg 1204w\" sizes=\"(max-width: 800px) 100vw, 800px\" \/>\t\t\t\t\t\t\t\t\t\t\t\t\t\t\t<\/div>\n\t\t\t\t<\/div>\n\t\t\t\t<div class=\"elementor-element elementor-element-ff50874 elementor-widget elementor-widget-heading\" data-id=\"ff50874\" data-element_type=\"widget\" data-e-type=\"widget\" data-widget_type=\"heading.default\">\n\t\t\t\t<div class=\"elementor-widget-container\">\n\t\t\t\t\t<h2 class=\"elementor-heading-title elementor-size-default\">Tratamento Prim\u00e1rio: Reator Baffled\n<\/h2>\t\t\t\t<\/div>\n\t\t\t\t<\/div>\n\t\t\t\t<div class=\"elementor-element elementor-element-67e709f elementor-widget elementor-widget-text-editor\" data-id=\"67e709f\" data-element_type=\"widget\" data-e-type=\"widget\" data-widget_type=\"text-editor.default\">\n\t\t\t\t<div class=\"elementor-widget-container\">\n\t\t\t\t\t\t\t\t\t<p>O reator Baffled ou reator compartimentado pode ser considerado uma variante simplificada do reator UASB. Em resumo, \u00e9 uma combina\u00e7\u00e3o de sistemas de tratamento tradicionais, como por exemplo, o tanque s\u00e9ptico e o reator UASB. A velocidade ascensional, no Baffled nunca deve exceder 2 m\/h (SASSE, 1998).<\/p><p>O Baffled \u00e9 inegavelmente um sistema de f\u00e1cil opera\u00e7\u00e3o e construtivamente muito simples, mas apesar de sua simplicidade apresenta n\u00edveis de efici\u00eancia elevados, alcan\u00e7ando de 65% a 90 % na remo\u00e7\u00e3o de DQO e de 70% a 95% na remo\u00e7\u00e3o de DBO5 (SASSE, 1998). Devido a sua simplicidade, o reator Baffled \u00e9 ideal para sistemas descentralizados que buscam bom n\u00edvel de tratamento prim\u00e1rio.<\/p><p>A primeira c\u00e2mara serve basicamente como um decantador, ent\u00e3o o efluente segue para c\u00e2maras sucessivas com fluxo ascendente.<\/p><p>A distribui\u00e7\u00e3o homog\u00eanea do efluente nas c\u00e2maras ir\u00e1 proporcionar o contato intenso entre o substrato novo e o antigo. Assim, o esgoto fresco ir\u00e1 misturar t\u00e3o rapidamente quanto poss\u00edvel com o lodo ativado anaer\u00f3bio, fato essencial para o processo de degrada\u00e7\u00e3o (princ\u00edpio oposto ao princ\u00edpio do tanque IMHOFF). Da mesma forma como ocorre com outros sistemas, a conex\u00e3o entre as c\u00e2maras \u00e9 feita um pouco abaixo da superf\u00edcie da \u00e1gua, de forma que os materiais flotantes e gorduras n\u00e3o passem de uma c\u00e2mara para outra.<\/p><p>O Baffled tem a fun\u00e7\u00e3o de dar ao esgoto que entra no sistema, um tratamento prim\u00e1rio, promovendo a remo\u00e7\u00e3o de s\u00f3lidos grosseiros. Este \u00e9 dividido em quatro c\u00e2maras e o tempo de deten\u00e7\u00e3o hidr\u00e1ulica total dentro da unidade \u00e9 superior a 20 horas.<\/p><p>A \u00faltima c\u00e2mara tem a fun\u00e7\u00e3o de equalizar a vaz\u00e3o de entrada de esgotos promovendo o armazenamento tempor\u00e1rio deste durante os per\u00edodos em que o Wetland Constru\u00eddo n\u00e3o deve receber esgoto.<\/p>\t\t\t\t\t\t\t\t<\/div>\n\t\t\t\t<\/div>\n\t\t\t\t<div class=\"elementor-element elementor-element-d66400c elementor-widget elementor-widget-heading\" data-id=\"d66400c\" data-element_type=\"widget\" data-e-type=\"widget\" data-widget_type=\"heading.default\">\n\t\t\t\t<div class=\"elementor-widget-container\">\n\t\t\t\t\t<h2 class=\"elementor-heading-title elementor-size-default\">Tratamento Secund\u00e1rio: Wetland Constru\u00eddo\n<\/h2>\t\t\t\t<\/div>\n\t\t\t\t<\/div>\n\t\t\t\t<div class=\"elementor-element elementor-element-e4bea80 elementor-widget elementor-widget-text-editor\" data-id=\"e4bea80\" data-element_type=\"widget\" data-e-type=\"widget\" data-widget_type=\"text-editor.default\">\n\t\t\t\t<div class=\"elementor-widget-container\">\n\t\t\t\t\t\t\t\t\t<p>Para o tratamento de esgotos a n\u00edvel secund\u00e1rio se optou pelo sistema wetland constru\u00eddo, especificamente um filtro de areia plantado de fluxo vertical.<\/p><p>O wetland constru\u00eddo ou tamb\u00e9m denominado filtro de areia plantado procura imitar algumas das fun\u00e7\u00f5es existentes nos banhados naturais, em particular a capacidade de degrada\u00e7\u00e3o da mat\u00e9ria org\u00e2nica e transforma\u00e7\u00e3o de nutrientes (nitrog\u00eanio). Desta forma, eles s\u00e3o sistemas de engenharia projetados para utilizar plantas aqu\u00e1ticas em substratos (areia) onde, de forma natural e sob condi\u00e7\u00f5es ambientais adequadas, pode ocorrer a forma\u00e7\u00e3o de biofilmes, que agregam uma popula\u00e7\u00e3o variada de microrganismos. Estes seres possuem a capacidade de tratar os esgotos, por meio de processos biol\u00f3gicos, qu\u00edmicos e f\u00edsicos.<\/p><p>No wetland constru\u00eddo de escoamento vertical, o l\u00edquido a ser tratado deve ser disposto uniformemente sobre toda a \u00e1rea superficial do m\u00f3dulo de tratamento, de forma intermitente, percolando em trajet\u00f3ria descendente por entre o sistema radicular das plantas e dos poros do material filtrante, o qual \u00e9 usualmente composto por areia, at\u00e9 ser coletado no fundo por um sistema de drenagem. O meio permanece n\u00e3o saturado, isto \u00e9, os espa\u00e7os vazios entre os gr\u00e3os do meio suporte n\u00e3o est\u00e3o preenchidos com l\u00edquido, mas com ar. Em decorr\u00eancia, predominam condi\u00e7\u00f5es aer\u00f3bias no leito filtrante.<\/p><p>A transforma\u00e7\u00e3o das formas de nitrog\u00eanio a fim de se obter a sua elimina\u00e7\u00e3o \u00e9 dedicada \u00e0 oxigena\u00e7\u00e3o do leito. Atrav\u00e9s do ambiente aer\u00f3bio proporcionado pela oxigena\u00e7\u00e3o, a am\u00f4nia \u00e9 transformada em nitrato. Desta forma a alimenta\u00e7\u00e3o dos filtros plantados deve acontecer de forma intermitente, possibilitando a oxigena\u00e7\u00e3o do leito e evitando colmata\u00e7\u00e3o ou entupimento dos poros dos filtros. Isto ser\u00e1 garantido pela alimenta\u00e7\u00e3o do sistema com conjunto motobomba instalado na elevat\u00f3ria de alimenta\u00e7\u00e3o projetada junto ao reator Baffled (4\u00aa c\u00e2mara).<\/p><p>Com o objetivo de manter o n\u00edvel de l\u00edquido adequado no interior do wetland \u00e9 projetada uma caixa ao final da tubula\u00e7\u00e3o de drenagem, o que possibilita tamb\u00e9m a manuten\u00e7\u00e3o peri\u00f3dica preventiva.<\/p><p>Esquema representativo do perfil longitudinal do wetland constru\u00eddo:<\/p>\t\t\t\t\t\t\t\t<\/div>\n\t\t\t\t<\/div>\n\t\t\t\t<div class=\"elementor-element elementor-element-22464cd elementor-widget elementor-widget-image\" data-id=\"22464cd\" data-element_type=\"widget\" data-e-type=\"widget\" data-widget_type=\"image.default\">\n\t\t\t\t<div class=\"elementor-widget-container\">\n\t\t\t\t\t\t\t\t\t\t\t\t\t\t\t<img decoding=\"async\" width=\"800\" height=\"319\" src=\"https:\/\/reneff.com.br\/wp-content\/uploads\/2024\/04\/image3.jpg\" class=\"attachment-large size-large wp-image-860\" alt=\"\" srcset=\"https:\/\/reneff.com.br\/wp-content\/uploads\/2024\/04\/image3.jpg 1001w, https:\/\/reneff.com.br\/wp-content\/uploads\/2024\/04\/image3-300x120.jpg 300w, https:\/\/reneff.com.br\/wp-content\/uploads\/2024\/04\/image3-768x306.jpg 768w, https:\/\/reneff.com.br\/wp-content\/uploads\/2024\/04\/image3-600x239.jpg 600w\" sizes=\"(max-width: 800px) 100vw, 800px\" \/>\t\t\t\t\t\t\t\t\t\t\t\t\t\t\t<\/div>\n\t\t\t\t<\/div>\n\t\t\t\t<div class=\"elementor-element elementor-element-8cdb3f6 elementor-widget elementor-widget-text-editor\" data-id=\"8cdb3f6\" data-element_type=\"widget\" data-e-type=\"widget\" data-widget_type=\"text-editor.default\">\n\t\t\t\t<div class=\"elementor-widget-container\">\n\t\t\t\t\t\t\t\t\t<p>A distribui\u00e7\u00e3o do esgoto sobre o leito \u00e9 realizada por uma rede em PVC sold\u00e1vel DE 50 mm com 16 tubos distribuidores perfurados com furos de 7 mm espa\u00e7ados a cada 0,60 m. O filtro ser\u00e1 dividido em 2 zonas cuja alimenta\u00e7\u00e3o ser\u00e1 realizada pelos conjuntos motobomba e controlada por registros manuais.<\/p><p>Imagem fotogr\u00e1fica do wetland implantado no empreendimento:<\/p>\t\t\t\t\t\t\t\t<\/div>\n\t\t\t\t<\/div>\n\t\t\t\t<div class=\"elementor-element elementor-element-51b9b10 elementor-widget elementor-widget-image\" data-id=\"51b9b10\" data-element_type=\"widget\" data-e-type=\"widget\" data-widget_type=\"image.default\">\n\t\t\t\t<div class=\"elementor-widget-container\">\n\t\t\t\t\t\t\t\t\t\t\t\t\t\t\t<img decoding=\"async\" width=\"800\" height=\"600\" src=\"https:\/\/reneff.com.br\/wp-content\/uploads\/2024\/04\/image4-1024x768.jpeg\" class=\"attachment-large size-large wp-image-861\" alt=\"\" srcset=\"https:\/\/reneff.com.br\/wp-content\/uploads\/2024\/04\/image4-1024x768.jpeg 1024w, https:\/\/reneff.com.br\/wp-content\/uploads\/2024\/04\/image4-300x225.jpeg 300w, https:\/\/reneff.com.br\/wp-content\/uploads\/2024\/04\/image4-768x576.jpeg 768w, https:\/\/reneff.com.br\/wp-content\/uploads\/2024\/04\/image4-600x450.jpeg 600w, https:\/\/reneff.com.br\/wp-content\/uploads\/2024\/04\/image4.jpeg 1154w\" sizes=\"(max-width: 800px) 100vw, 800px\" \/>\t\t\t\t\t\t\t\t\t\t\t\t\t\t\t<\/div>\n\t\t\t\t<\/div>\n\t\t\t\t<div class=\"elementor-element elementor-element-f6ae270 elementor-widget elementor-widget-heading\" data-id=\"f6ae270\" data-element_type=\"widget\" data-e-type=\"widget\" data-widget_type=\"heading.default\">\n\t\t\t\t<div class=\"elementor-widget-container\">\n\t\t\t\t\t<h2 class=\"elementor-heading-title elementor-size-default\">Desinfec\u00e7\u00e3o<\/h2>\t\t\t\t<\/div>\n\t\t\t\t<\/div>\n\t\t\t\t<div class=\"elementor-element elementor-element-2d0ecbb elementor-widget elementor-widget-text-editor\" data-id=\"2d0ecbb\" data-element_type=\"widget\" data-e-type=\"widget\" data-widget_type=\"text-editor.default\">\n\t\t\t\t<div class=\"elementor-widget-container\">\n\t\t\t\t\t\t\t\t\t<p>O sistema de desinfec\u00e7\u00e3o segue os preceitos da Norma NBR 13.969 (ABNT, 1997) e visa atingir o n\u00edvel de desinfec\u00e7\u00e3o de 500 NMP de coliformes de origem fecal em 100 mL e cloro residual superior a 0,5 mg\/L, conforme indicado no item 5.6.4 da referida norma (Classe 2 para reuso).<\/p><p>A desinfec\u00e7\u00e3o ser\u00e1 feita atrav\u00e9s de clora\u00e7\u00e3o por solu\u00e7\u00e3o de hipoclorito de s\u00f3dio a 12% com aplica\u00e7\u00e3o direta no tanque de contato. O produto \u00e9 dosado atrav\u00e9s de bomba dosadora com acionamento autom\u00e1tico e mangueira que segue desta at\u00e9 o tanque de contato.<\/p>\t\t\t\t\t\t\t\t<\/div>\n\t\t\t\t<\/div>\n\t\t\t\t<div class=\"elementor-element elementor-element-f284881 elementor-widget elementor-widget-heading\" data-id=\"f284881\" data-element_type=\"widget\" data-e-type=\"widget\" data-widget_type=\"heading.default\">\n\t\t\t\t<div class=\"elementor-widget-container\">\n\t\t\t\t\t<h2 class=\"elementor-heading-title elementor-size-default\">Destina\u00e7\u00e3o  Final do Esgoto Tratado\n<\/h2>\t\t\t\t<\/div>\n\t\t\t\t<\/div>\n\t\t\t\t<div class=\"elementor-element elementor-element-4e301d7 elementor-widget elementor-widget-text-editor\" data-id=\"4e301d7\" data-element_type=\"widget\" data-e-type=\"widget\" data-widget_type=\"text-editor.default\">\n\t\t\t\t<div class=\"elementor-widget-container\">\n\t\t\t\t\t\t\t\t\t<p>Ap\u00f3s a desinfec\u00e7\u00e3o, em tanque de contato com cloro (hipoclorito de s\u00f3dio solu\u00e7\u00e3o, dosado automaticamente), o efluente ser\u00e1 encaminhado por meio de bombeamento para reservat\u00f3rio (caixa de \u00e1gua) com a finalidade de reuso para limpezas\/lavagem de cal\u00e7adas e canis, bem como rega de jardins e floreiras.<\/p><p>Todos os pontos de uso de \u00e1gua de reuso (torneiras, mangueiras, etc.) dever\u00e3o possuir uma placa informando que se trata de \u00e1gua de reuso n\u00e3o pot\u00e1vel (esgoto tratado), sendo proibida, entre outras, a utiliza\u00e7\u00e3o para consumo e higiene humana e proibida a disponibiliza\u00e7\u00e3o para dessendeta\u00e7\u00e3o animal.<\/p><p>Al\u00e9m do reuso previsto, haver\u00e1 um volume excedente de efluente tratado que necessita ser destinado. A destina\u00e7\u00e3o final para o volume de efluente tratado e desinfetado excedente ao consumo di\u00e1rio previsto para reuso ser\u00e1 por meio de disposi\u00e7\u00e3o final atrav\u00e9s de infiltra\u00e7\u00e3o no solo.<\/p><p>Assim, a disposi\u00e7\u00e3o final de efluente tratado excedente ao reuso ser\u00e1 realizada atrav\u00e9s de valas de infiltra\u00e7\u00e3o, dimensionadas conforme a NBR 13.969:1997. O processo promovido pelas valas de infiltra\u00e7\u00e3o consiste na percola\u00e7\u00e3o do efluente tratado no solo de maneira controlada e segundo as diretrizes normativas vigentes. Optou-se pela constru\u00e7\u00e3o de 3 conjuntos de 3 valas de infiltra\u00e7\u00e3o.<\/p><p>Todos os equipamentos da esta\u00e7\u00e3o s\u00e3o controlados atrav\u00e9s da programa\u00e7\u00e3o presente no Painel de Comandos<br \/>Projeto executivo desenvolvido pelos especialistas e tratamento de efluentes da Ideal Ambiental:<\/p>\t\t\t\t\t\t\t\t<\/div>\n\t\t\t\t<\/div>\n\t\t\t\t<div class=\"elementor-element elementor-element-17a8020 elementor-widget elementor-widget-image\" data-id=\"17a8020\" data-element_type=\"widget\" data-e-type=\"widget\" data-widget_type=\"image.default\">\n\t\t\t\t<div class=\"elementor-widget-container\">\n\t\t\t\t\t\t\t\t\t\t\t\t\t\t\t<img loading=\"lazy\" decoding=\"async\" width=\"800\" height=\"566\" src=\"https:\/\/reneff.com.br\/wp-content\/uploads\/2024\/04\/image5-1024x724.png\" class=\"attachment-large size-large wp-image-862\" alt=\"\" srcset=\"https:\/\/reneff.com.br\/wp-content\/uploads\/2024\/04\/image5-1024x724.png 1024w, https:\/\/reneff.com.br\/wp-content\/uploads\/2024\/04\/image5-300x212.png 300w, https:\/\/reneff.com.br\/wp-content\/uploads\/2024\/04\/image5-768x543.png 768w, https:\/\/reneff.com.br\/wp-content\/uploads\/2024\/04\/image5-600x424.png 600w, https:\/\/reneff.com.br\/wp-content\/uploads\/2024\/04\/image5.png 1225w\" sizes=\"(max-width: 800px) 100vw, 800px\" \/>\t\t\t\t\t\t\t\t\t\t\t\t\t\t\t<\/div>\n\t\t\t\t<\/div>\n\t\t\t\t\t<\/div>\n\t\t\t\t<\/div>\n\t\t\t\t\t<\/div>\n\t\t\t\t<\/div>\n\t\t\t\t<\/div>\n\t\t","protected":false},"excerpt":{"rendered":"<p>Esta\u00e7\u00e3o de tratamento Reneff Com 2.700m\u00b2, a Ind\u00fastria R\u00eaneff (segmento de ra\u00e7\u00e3o animal) est\u00e1 localizada na cidade de Arauc\u00e1ria (PR) e contou com um projeto elaborado pelo time de profissionais da Ideal Ambiental para a execu\u00e7\u00e3o de um sistema de tratamento de esgotos sanit\u00e1rios. A regi\u00e3o do empreendimento Industria R\u00eaneff n\u00e3o \u00e9 atendida por RCE [&hellip;]<\/p>\n","protected":false},"author":1,"featured_media":0,"parent":0,"menu_order":0,"comment_status":"closed","ping_status":"closed","template":"elementor_header_footer","meta":{"footnotes":""},"class_list":["post-856","page","type-page","status-publish","hentry"],"_links":{"self":[{"href":"https:\/\/reneff.com.br\/index.php?rest_route=\/wp\/v2\/pages\/856","targetHints":{"allow":["GET"]}}],"collection":[{"href":"https:\/\/reneff.com.br\/index.php?rest_route=\/wp\/v2\/pages"}],"about":[{"href":"https:\/\/reneff.com.br\/index.php?rest_route=\/wp\/v2\/types\/page"}],"author":[{"embeddable":true,"href":"https:\/\/reneff.com.br\/index.php?rest_route=\/wp\/v2\/users\/1"}],"replies":[{"embeddable":true,"href":"https:\/\/reneff.com.br\/index.php?rest_route=%2Fwp%2Fv2%2Fcomments&post=856"}],"version-history":[{"count":8,"href":"https:\/\/reneff.com.br\/index.php?rest_route=\/wp\/v2\/pages\/856\/revisions"}],"predecessor-version":[{"id":949,"href":"https:\/\/reneff.com.br\/index.php?rest_route=\/wp\/v2\/pages\/856\/revisions\/949"}],"wp:attachment":[{"href":"https:\/\/reneff.com.br\/index.php?rest_route=%2Fwp%2Fv2%2Fmedia&parent=856"}],"curies":[{"name":"wp","href":"https:\/\/api.w.org\/{rel}","templated":true}]}}