{"id":305,"date":"2024-02-17T12:55:09","date_gmt":"2024-02-17T15:55:09","guid":{"rendered":"https:\/\/reneff.com.br\/?post_type=product&#038;p=305"},"modified":"2024-04-01T18:17:56","modified_gmt":"2024-04-01T21:17:56","slug":"bourbon-dog-adultos","status":"publish","type":"product","link":"https:\/\/reneff.com.br\/?product=bourbon-dog-adultos","title":{"rendered":"Bourbon Dog Adultos Premium Sabor Frango e Arroz"},"content":{"rendered":"<p class=\"p1\">A Bourbon Dog Premium sabor Frango &amp; Arroz foi desenvolvida para satisfazer o paladar exigente atrav\u00e9s doss saborosos cereais selecionados e prote\u00ednas de aves, sendo um alimento balanceado com todas as vitaminas e minerais para a manuten\u00e7\u00e3o do organismo de c\u00e3es adultos.<\/p>\n<p class=\"p1\">Toda a linha\u00a0Bourbon Dog \u00e9 enriquecida com prebi\u00f3ticos para melhor funcionamento intestinal, \u00f4megas 3 &amp; 6 para auxiliar na hidrata\u00e7\u00e3o da pele e pelos sedosos e com Extrato de Yucca para reduzir o mau cheiro das fezes.\u00a0Al\u00e9m de ser deliciosa!<\/p>\n<h2>N\u00edveis de garantia<\/h2>\n<hr \/>\n<p><img fetchpriority=\"high\" decoding=\"async\" class=\"alignnone wp-image-707\" src=\"http:\/\/reneff.com.br\/wp-content\/uploads\/2024\/02\/bourdbon-dog-adultos-300x216.png\" alt=\"\" width=\"806\" height=\"580\" srcset=\"https:\/\/reneff.com.br\/wp-content\/uploads\/2024\/02\/bourdbon-dog-adultos-300x216.png 300w, https:\/\/reneff.com.br\/wp-content\/uploads\/2024\/02\/bourdbon-dog-adultos-768x553.png 768w, https:\/\/reneff.com.br\/wp-content\/uploads\/2024\/02\/bourdbon-dog-adultos-600x432.png 600w, https:\/\/reneff.com.br\/wp-content\/uploads\/2024\/02\/bourdbon-dog-adultos.png 1000w\" sizes=\"(max-width: 806px) 100vw, 806px\" \/><\/p>\n","protected":false},"excerpt":{"rendered":"<p>A Bourbon Dog Premium sabor Frango &amp; Arroz foi desenvolvida para satisfazer o paladar exigente atrav\u00e9s doss saborosos cereais selecionados e prote\u00ednas de aves, sendo um alimento balanceado com todas as vitaminas e minerais para a manuten\u00e7\u00e3o do organismo de c\u00e3es adultos. Toda a linha\u00a0Bourbon Dog \u00e9 enriquecida com prebi\u00f3ticos para melhor funcionamento intestinal, \u00f4megas [&hellip;]<\/p>\n","protected":false},"featured_media":799,"comment_status":"open","ping_status":"closed","template":"","meta":[],"product_brand":[],"product_cat":[25],"product_tag":[26],"class_list":{"0":"post-305","1":"product","2":"type-product","3":"status-publish","4":"has-post-thumbnail","6":"product_cat-racao-para-caes","7":"product_tag-racao-para-caes","9":"first","10":"instock","11":"shipping-taxable","12":"product-type-simple"},"_links":{"self":[{"href":"https:\/\/reneff.com.br\/index.php?rest_route=\/wp\/v2\/product\/305","targetHints":{"allow":["GET"]}}],"collection":[{"href":"https:\/\/reneff.com.br\/index.php?rest_route=\/wp\/v2\/product"}],"about":[{"href":"https:\/\/reneff.com.br\/index.php?rest_route=\/wp\/v2\/types\/product"}],"replies":[{"embeddable":true,"href":"https:\/\/reneff.com.br\/index.php?rest_route=%2Fwp%2Fv2%2Fcomments&post=305"}],"wp:featuredmedia":[{"embeddable":true,"href":"https:\/\/reneff.com.br\/index.php?rest_route=\/wp\/v2\/media\/799"}],"wp:attachment":[{"href":"https:\/\/reneff.com.br\/index.php?rest_route=%2Fwp%2Fv2%2Fmedia&parent=305"}],"wp:term":[{"taxonomy":"product_brand","embeddable":true,"href":"https:\/\/reneff.com.br\/index.php?rest_route=%2Fwp%2Fv2%2Fproduct_brand&post=305"},{"taxonomy":"product_cat","embeddable":true,"href":"https:\/\/reneff.com.br\/index.php?rest_route=%2Fwp%2Fv2%2Fproduct_cat&post=305"},{"taxonomy":"product_tag","embeddable":true,"href":"https:\/\/reneff.com.br\/index.php?rest_route=%2Fwp%2Fv2%2Fproduct_tag&post=305"}],"curies":[{"name":"wp","href":"https:\/\/api.w.org\/{rel}","templated":true}]}}