{"id":320,"date":"2024-02-17T13:10:33","date_gmt":"2024-02-17T16:10:33","guid":{"rendered":"https:\/\/reneff.com.br\/?post_type=product&#038;p=320"},"modified":"2024-04-01T18:19:37","modified_gmt":"2024-04-01T21:19:37","slug":"bourbon-dog-para-caes-filhotes","status":"publish","type":"product","link":"https:\/\/reneff.com.br\/?product=bourbon-dog-para-caes-filhotes","title":{"rendered":"Bourbon Dog Filhotes Premium Especial Sabor Frango e Arroz"},"content":{"rendered":"<p class=\"p1\">A Bourbon Dog Premium Especial Filhotes \u00e9 um alimento desenvolvido para satisfazer o paladar exigente atrav\u00e9s dos saborosos cereais selecionados e prote\u00ednas de aves, para maximizar a nutri\u00e7\u00e3o dos c\u00e3es filhotes de todas as ra\u00e7as, com um gr\u00e3o de tamanho espec\u00edfico para melhorar sua mastiga\u00e7\u00e3o, sendo um alimento balanceado com todas as vitaminas e minerais para a manuten\u00e7\u00e3o do organismo dos c\u00e3es adultos. Cientificamente formulada para atender a fase da vida do crescimento dos c\u00e3es!<\/p>\n<p class=\"p1\">Toda a linha Bourbon \u00e9 enriquecida com prebi\u00f3ticos para o melhor funcionamento intestinal, omegas 3 &amp; 6 para auxiliar na hidrata\u00e7\u00e3o da pele e pelos sedosos, e com Extrato de Yucca para reduzir o mau cheiro das fezes. Al\u00e9m de ser deliciosa!<\/p>\n<h2>N\u00edveis de garantia<\/h2>\n<hr \/>\n<p><img fetchpriority=\"high\" decoding=\"async\" class=\"alignnone wp-image-706\" src=\"http:\/\/reneff.com.br\/wp-content\/uploads\/2024\/02\/filhotes-1-300x216.png\" alt=\"\" width=\"768\" height=\"553\" srcset=\"https:\/\/reneff.com.br\/wp-content\/uploads\/2024\/02\/filhotes-1-300x216.png 300w, https:\/\/reneff.com.br\/wp-content\/uploads\/2024\/02\/filhotes-1-768x553.png 768w, https:\/\/reneff.com.br\/wp-content\/uploads\/2024\/02\/filhotes-1-600x432.png 600w, https:\/\/reneff.com.br\/wp-content\/uploads\/2024\/02\/filhotes-1.png 1000w\" sizes=\"(max-width: 768px) 100vw, 768px\" \/><\/p>\n","protected":false},"excerpt":{"rendered":"<p>A Bourbon Dog Premium Especial Filhotes \u00e9 um alimento desenvolvido para satisfazer o paladar exigente atrav\u00e9s dos saborosos cereais selecionados e prote\u00ednas de aves, para maximizar a nutri\u00e7\u00e3o dos c\u00e3es filhotes de todas as ra\u00e7as, com um gr\u00e3o de tamanho espec\u00edfico para melhorar sua mastiga\u00e7\u00e3o, sendo um alimento balanceado com todas as vitaminas e minerais [&hellip;]<\/p>\n","protected":false},"featured_media":800,"comment_status":"open","ping_status":"closed","template":"","meta":[],"product_brand":[],"product_cat":[25],"product_tag":[26],"class_list":{"0":"post-320","1":"product","2":"type-product","3":"status-publish","4":"has-post-thumbnail","6":"product_cat-racao-para-caes","7":"product_tag-racao-para-caes","9":"first","10":"instock","11":"shipping-taxable","12":"product-type-simple"},"_links":{"self":[{"href":"https:\/\/reneff.com.br\/index.php?rest_route=\/wp\/v2\/product\/320","targetHints":{"allow":["GET"]}}],"collection":[{"href":"https:\/\/reneff.com.br\/index.php?rest_route=\/wp\/v2\/product"}],"about":[{"href":"https:\/\/reneff.com.br\/index.php?rest_route=\/wp\/v2\/types\/product"}],"replies":[{"embeddable":true,"href":"https:\/\/reneff.com.br\/index.php?rest_route=%2Fwp%2Fv2%2Fcomments&post=320"}],"wp:featuredmedia":[{"embeddable":true,"href":"https:\/\/reneff.com.br\/index.php?rest_route=\/wp\/v2\/media\/800"}],"wp:attachment":[{"href":"https:\/\/reneff.com.br\/index.php?rest_route=%2Fwp%2Fv2%2Fmedia&parent=320"}],"wp:term":[{"taxonomy":"product_brand","embeddable":true,"href":"https:\/\/reneff.com.br\/index.php?rest_route=%2Fwp%2Fv2%2Fproduct_brand&post=320"},{"taxonomy":"product_cat","embeddable":true,"href":"https:\/\/reneff.com.br\/index.php?rest_route=%2Fwp%2Fv2%2Fproduct_cat&post=320"},{"taxonomy":"product_tag","embeddable":true,"href":"https:\/\/reneff.com.br\/index.php?rest_route=%2Fwp%2Fv2%2Fproduct_tag&post=320"}],"curies":[{"name":"wp","href":"https:\/\/api.w.org\/{rel}","templated":true}]}}