{"id":584,"date":"2024-02-19T22:30:55","date_gmt":"2024-02-20T01:30:55","guid":{"rendered":"https:\/\/reneff.com.br\/?post_type=product&#038;p=584"},"modified":"2024-03-17T21:54:11","modified_gmt":"2024-03-18T00:54:11","slug":"reneff-dog-natural","status":"publish","type":"product","link":"https:\/\/reneff.com.br\/?product=reneff-dog-natural","title":{"rendered":"R\u00eaneff Dog Natural"},"content":{"rendered":"<p class=\"p1\">A R\u00eaneff Dog Natural foi desenvolvida para proporcionar uma alimenta\u00e7\u00e3o saud\u00e1vel e nutritiva para c\u00e3es adultos de todas as ra\u00e7as, com prote\u00ednas de origem animal para palatabilidade e aroma de churrasco para fortalecer o interesse pelo olfato resultando em uma refei\u00e7\u00e3o completa, deliciosa e balanceada.<\/p>\n<h2>N\u00edveis de garantia<\/h2>\n<hr \/>\n<p><img fetchpriority=\"high\" decoding=\"async\" class=\"alignnone wp-image-703\" src=\"http:\/\/reneff.com.br\/wp-content\/uploads\/2024\/02\/natural-300x204.png\" alt=\"\" width=\"741\" height=\"504\" srcset=\"https:\/\/reneff.com.br\/wp-content\/uploads\/2024\/02\/natural-300x204.png 300w, https:\/\/reneff.com.br\/wp-content\/uploads\/2024\/02\/natural-768x523.png 768w, https:\/\/reneff.com.br\/wp-content\/uploads\/2024\/02\/natural-600x409.png 600w, https:\/\/reneff.com.br\/wp-content\/uploads\/2024\/02\/natural.png 1000w\" sizes=\"(max-width: 741px) 100vw, 741px\" \/><\/p>\n","protected":false},"excerpt":{"rendered":"<p>A R\u00eaneff Dog Natural foi desenvolvida para proporcionar uma alimenta\u00e7\u00e3o saud\u00e1vel e nutritiva para c\u00e3es adultos de todas as ra\u00e7as, com prote\u00ednas de origem animal para palatabilidade e aroma de churrasco para fortalecer o interesse pelo olfato resultando em uma refei\u00e7\u00e3o completa, deliciosa e balanceada. N\u00edveis de garantia<\/p>\n","protected":false},"featured_media":798,"comment_status":"open","ping_status":"closed","template":"","meta":[],"product_brand":[],"product_cat":[25],"product_tag":[26],"class_list":{"0":"post-584","1":"product","2":"type-product","3":"status-publish","4":"has-post-thumbnail","6":"product_cat-racao-para-caes","7":"product_tag-racao-para-caes","9":"first","10":"instock","11":"shipping-taxable","12":"product-type-simple"},"_links":{"self":[{"href":"https:\/\/reneff.com.br\/index.php?rest_route=\/wp\/v2\/product\/584","targetHints":{"allow":["GET"]}}],"collection":[{"href":"https:\/\/reneff.com.br\/index.php?rest_route=\/wp\/v2\/product"}],"about":[{"href":"https:\/\/reneff.com.br\/index.php?rest_route=\/wp\/v2\/types\/product"}],"replies":[{"embeddable":true,"href":"https:\/\/reneff.com.br\/index.php?rest_route=%2Fwp%2Fv2%2Fcomments&post=584"}],"wp:featuredmedia":[{"embeddable":true,"href":"https:\/\/reneff.com.br\/index.php?rest_route=\/wp\/v2\/media\/798"}],"wp:attachment":[{"href":"https:\/\/reneff.com.br\/index.php?rest_route=%2Fwp%2Fv2%2Fmedia&parent=584"}],"wp:term":[{"taxonomy":"product_brand","embeddable":true,"href":"https:\/\/reneff.com.br\/index.php?rest_route=%2Fwp%2Fv2%2Fproduct_brand&post=584"},{"taxonomy":"product_cat","embeddable":true,"href":"https:\/\/reneff.com.br\/index.php?rest_route=%2Fwp%2Fv2%2Fproduct_cat&post=584"},{"taxonomy":"product_tag","embeddable":true,"href":"https:\/\/reneff.com.br\/index.php?rest_route=%2Fwp%2Fv2%2Fproduct_tag&post=584"}],"curies":[{"name":"wp","href":"https:\/\/api.w.org\/{rel}","templated":true}]}}